{"id":10068,"date":"2024-07-24T14:36:22","date_gmt":"2024-07-24T14:36:22","guid":{"rendered":"https:\/\/diverseproject.uqo.ca\/?page_id=10068"},"modified":"2025-07-28T17:04:47","modified_gmt":"2025-07-28T17:04:47","slug":"theme-1-forest-vulnerability","status":"publish","type":"page","link":"https:\/\/diverseproject.uqo.ca\/fr\/theme-1-forest-vulnerability\/","title":{"rendered":"Th\u00e8me 1 | Vuln\u00e9rabilit\u00e9 des For\u00eats"},"content":{"rendered":"","protected":false},"excerpt":{"rendered":"","protected":false},"author":2,"featured_media":0,"parent":0,"menu_order":0,"comment_status":"closed","ping_status":"closed","template":"","meta":{"nf_dc_page":"","footnotes":"","_links_to":"","_links_to_target":""},"class_list":["post-10068","page","type-page","status-publish","hentry"],"_links":{"self":[{"href":"https:\/\/diverseproject.uqo.ca\/fr\/wp-json\/wp\/v2\/pages\/10068","targetHints":{"allow":["GET"]}}],"collection":[{"href":"https:\/\/diverseproject.uqo.ca\/fr\/wp-json\/wp\/v2\/pages"}],"about":[{"href":"https:\/\/diverseproject.uqo.ca\/fr\/wp-json\/wp\/v2\/types\/page"}],"author":[{"embeddable":true,"href":"https:\/\/diverseproject.uqo.ca\/fr\/wp-json\/wp\/v2\/users\/2"}],"replies":[{"embeddable":true,"href":"https:\/\/diverseproject.uqo.ca\/fr\/wp-json\/wp\/v2\/comments?post=10068"}],"version-history":[{"count":5,"href":"https:\/\/diverseproject.uqo.ca\/fr\/wp-json\/wp\/v2\/pages\/10068\/revisions"}],"predecessor-version":[{"id":10921,"href":"https:\/\/diverseproject.uqo.ca\/fr\/wp-json\/wp\/v2\/pages\/10068\/revisions\/10921"}],"wp:attachment":[{"href":"https:\/\/diverseproject.uqo.ca\/fr\/wp-json\/wp\/v2\/media?parent=10068"}],"curies":[{"name":"wp","href":"https:\/\/api.w.org\/{rel}","templated":true}]}}