{"id":8160,"date":"2020-03-06T15:42:05","date_gmt":"2020-03-06T15:42:05","guid":{"rendered":"https:\/\/demo.goodlayers.com\/chariti\/demo1\/?page_id=8160"},"modified":"2024-07-19T20:02:11","modified_gmt":"2024-07-19T20:02:11","slug":"privacy-policy","status":"publish","type":"page","link":"https:\/\/diverseproject.uqo.ca\/fr\/privacy-policy\/","title":{"rendered":"Politique de confidentialit\u00e9"},"content":{"rendered":"<h2 class=\"wp-block-heading\">\u00c0 propos de nous<\/h2>\n\n\n\n<p class=\"\">Le projet DIVERSE est un programme de recherche pancanadien impliquant diff\u00e9rents chercheurs et personnels de plusieurs universit\u00e9s canadiennes. Ce site web a \u00e9t\u00e9 r\u00e9alis\u00e9 par des membres du projet DIVERSE travaillant \u00e0 l'Universit\u00e9 du Qu\u00e9bec en Outaouais (UQO), et est h\u00e9berg\u00e9 sur les serveurs de l'UQO.<\/p>\n\n\n\n<h2 class=\"wp-block-heading\">Quelles donn\u00e9es personnelles nous recueillons et pourquoi nous les recueillons<\/h2>\n\n\n\n<p class=\"\">Nous recueillons des donn\u00e9es vous concernant par l'utilisation de cookies (t\u00e9moins) et de formulaires de contact.<\/p>\n\n\n\n<h3 class=\"wp-block-heading\">Formulaires de contact<\/h3>\n\n\n\n<p class=\"\">Si vous nous contactez via les formulaires de contact pr\u00e9sents sur notre site web, nous recueillerons les renseignements personnels que vous avez saisis dans le formulaire afin de communiquer avec vous.<\/p>\n\n\n\n<h3 class=\"wp-block-heading\">Cookies<\/h3>\n\n\n\n<p class=\"\">Notre site web utilise des t\u00e9moins (cookies), qui sont de petits fichiers contenant des informations sur vous ou l'appareil que vous utilisez pour naviguer sur notre site web. Ces fichiers sont stock\u00e9s sur vos appareils, mais pourraient \u00eatre consult\u00e9s par notre site web si vous nous en donnez l'autorisation.<\/p>\n\n\n\n<p class=\"\">Les t\u00e9moins sont omnipr\u00e9sents sur Internet aujourd'hui et sont utilis\u00e9s pour identifier votre appareil afin que le site se souvienne de vos param\u00e8tres, ou dans le but d'analyser le trafic des utilisateurs qui visitent un site Web.<\/p>\n\n\n\n<p class=\"\">Nous utilisons des t\u00e9moins uniquement pour les utilisateurs connect\u00e9s afin d'administrer le site web, et nous n'utilisons aucun t\u00e9moin contenant des renseignements personnels pour les utilisateurs r\u00e9guliers.<\/p>\n\n\n\n<h2 class=\"wp-block-heading\">Avec qui nous partageons vos donn\u00e9es<\/h2>\n\n\n\n<p class=\"\">Les donn\u00e9es de contact que vous fournissez via notre formulaire de contact peuvent \u00eatre partag\u00e9es avec d'autres membres du projet DIVERSE afin de vous contacter.<\/p>\n\n\n\n<h2 class=\"wp-block-heading\">Combien de temps nous conservons vos donn\u00e9es<\/h2>\n\n\n\n<p class=\"\">Les donn\u00e9es de contact que vous fournissez via notre formulaire de contact seront conserv\u00e9es tant que nous aurons besoin de vous contacter.<\/p>\n\n\n\n<h2 class=\"wp-block-heading\">Vos droits concernant vos donn\u00e9es<\/h2>\n\n\n\n<p class=\"\">Si vous souhaitez que nous supprimions toute donn\u00e9e vous concernant que nous pourrions d\u00e9tenir, vous pouvez nous contacter \u00e0 l'adresse <a href=\"mailto:diverseproject@uqo.ca\">diverseproject@uqo.ca<\/a>.<\/p>","protected":false},"excerpt":{"rendered":"<p>Who we are The DIVERSE project is a pan-Canadian research program involving different researchers and personnel from several Canadian universities. This website has been made by members of the DIVERSE project working at the Universit\u00e9 du Qu\u00e9bec en Outaouais (UQO), and is hosted on the servers of the UQO. What personal data we collect and [&hellip;]<\/p>\n","protected":false},"author":1,"featured_media":0,"parent":0,"menu_order":0,"comment_status":"closed","ping_status":"closed","template":"","meta":{"nf_dc_page":"","footnotes":"","_links_to":"","_links_to_target":""},"class_list":["post-8160","page","type-page","status-publish","hentry"],"_links":{"self":[{"href":"https:\/\/diverseproject.uqo.ca\/fr\/wp-json\/wp\/v2\/pages\/8160","targetHints":{"allow":["GET"]}}],"collection":[{"href":"https:\/\/diverseproject.uqo.ca\/fr\/wp-json\/wp\/v2\/pages"}],"about":[{"href":"https:\/\/diverseproject.uqo.ca\/fr\/wp-json\/wp\/v2\/types\/page"}],"author":[{"embeddable":true,"href":"https:\/\/diverseproject.uqo.ca\/fr\/wp-json\/wp\/v2\/users\/1"}],"replies":[{"embeddable":true,"href":"https:\/\/diverseproject.uqo.ca\/fr\/wp-json\/wp\/v2\/comments?post=8160"}],"version-history":[{"count":0,"href":"https:\/\/diverseproject.uqo.ca\/fr\/wp-json\/wp\/v2\/pages\/8160\/revisions"}],"wp:attachment":[{"href":"https:\/\/diverseproject.uqo.ca\/fr\/wp-json\/wp\/v2\/media?parent=8160"}],"curies":[{"name":"wp","href":"https:\/\/api.w.org\/{rel}","templated":true}]}}