{"id":9605,"date":"2024-05-30T20:43:48","date_gmt":"2024-05-30T20:43:48","guid":{"rendered":"https:\/\/diverseproject.uqo.ca\/?page_id=9605"},"modified":"2025-07-16T16:16:58","modified_gmt":"2025-07-16T16:16:58","slug":"theme-2-identification-selection-suitable-tree-species","status":"publish","type":"page","link":"https:\/\/diverseproject.uqo.ca\/fr\/theme-2-identification-selection-suitable-tree-species\/","title":{"rendered":"Th\u00e8me 2 | Identification et S\u00e9lection des Esp\u00e8ces d'Arbres Adapt\u00e9es"},"content":{"rendered":"","protected":false},"excerpt":{"rendered":"","protected":false},"author":1,"featured_media":0,"parent":0,"menu_order":0,"comment_status":"closed","ping_status":"closed","template":"","meta":{"nf_dc_page":"","footnotes":"","_links_to":"","_links_to_target":""},"class_list":["post-9605","page","type-page","status-publish","hentry"],"_links":{"self":[{"href":"https:\/\/diverseproject.uqo.ca\/fr\/wp-json\/wp\/v2\/pages\/9605","targetHints":{"allow":["GET"]}}],"collection":[{"href":"https:\/\/diverseproject.uqo.ca\/fr\/wp-json\/wp\/v2\/pages"}],"about":[{"href":"https:\/\/diverseproject.uqo.ca\/fr\/wp-json\/wp\/v2\/types\/page"}],"author":[{"embeddable":true,"href":"https:\/\/diverseproject.uqo.ca\/fr\/wp-json\/wp\/v2\/users\/1"}],"replies":[{"embeddable":true,"href":"https:\/\/diverseproject.uqo.ca\/fr\/wp-json\/wp\/v2\/comments?post=9605"}],"version-history":[{"count":3,"href":"https:\/\/diverseproject.uqo.ca\/fr\/wp-json\/wp\/v2\/pages\/9605\/revisions"}],"predecessor-version":[{"id":10803,"href":"https:\/\/diverseproject.uqo.ca\/fr\/wp-json\/wp\/v2\/pages\/9605\/revisions\/10803"}],"wp:attachment":[{"href":"https:\/\/diverseproject.uqo.ca\/fr\/wp-json\/wp\/v2\/media?parent=9605"}],"curies":[{"name":"wp","href":"https:\/\/api.w.org\/{rel}","templated":true}]}}