{"id":9614,"date":"2024-05-31T14:18:57","date_gmt":"2024-05-31T14:18:57","guid":{"rendered":"https:\/\/diverseproject.uqo.ca\/?page_id=9614"},"modified":"2024-09-18T19:23:36","modified_gmt":"2024-09-18T19:23:36","slug":"theme-4-evaluation-various-forest-management-approaches","status":"publish","type":"page","link":"https:\/\/diverseproject.uqo.ca\/fr\/theme-4-evaluation-various-forest-management-approaches\/","title":{"rendered":"Th\u00e8me 4 | \u00c9valuation de Diff\u00e9rentes M\u00e9thodes d'Am\u00e9nagement Forestier sous des Stress Globaux"},"content":{"rendered":"","protected":false},"excerpt":{"rendered":"","protected":false},"author":1,"featured_media":0,"parent":0,"menu_order":0,"comment_status":"closed","ping_status":"closed","template":"","meta":{"nf_dc_page":"","footnotes":"","_links_to":"","_links_to_target":""},"class_list":["post-9614","page","type-page","status-publish","hentry"],"_links":{"self":[{"href":"https:\/\/diverseproject.uqo.ca\/fr\/wp-json\/wp\/v2\/pages\/9614","targetHints":{"allow":["GET"]}}],"collection":[{"href":"https:\/\/diverseproject.uqo.ca\/fr\/wp-json\/wp\/v2\/pages"}],"about":[{"href":"https:\/\/diverseproject.uqo.ca\/fr\/wp-json\/wp\/v2\/types\/page"}],"author":[{"embeddable":true,"href":"https:\/\/diverseproject.uqo.ca\/fr\/wp-json\/wp\/v2\/users\/1"}],"replies":[{"embeddable":true,"href":"https:\/\/diverseproject.uqo.ca\/fr\/wp-json\/wp\/v2\/comments?post=9614"}],"version-history":[{"count":0,"href":"https:\/\/diverseproject.uqo.ca\/fr\/wp-json\/wp\/v2\/pages\/9614\/revisions"}],"wp:attachment":[{"href":"https:\/\/diverseproject.uqo.ca\/fr\/wp-json\/wp\/v2\/media?parent=9614"}],"curies":[{"name":"wp","href":"https:\/\/api.w.org\/{rel}","templated":true}]}}