{"id":9618,"date":"2024-05-31T14:37:18","date_gmt":"2024-05-31T14:37:18","guid":{"rendered":"https:\/\/diverseproject.uqo.ca\/?page_id=9618"},"modified":"2025-01-23T15:51:02","modified_gmt":"2025-01-23T15:51:02","slug":"theme-6-alternative-silvicultural-treatments-multi-species","status":"publish","type":"page","link":"https:\/\/diverseproject.uqo.ca\/fr\/theme-6-alternative-silvicultural-treatments-multi-species\/","title":{"rendered":"Th\u00e8me 6 | Impl\u00e9mentation de Traitements Sylvicoles Alternatifs et Plantations Multi-esp\u00e8ces"},"content":{"rendered":"","protected":false},"excerpt":{"rendered":"","protected":false},"author":1,"featured_media":0,"parent":0,"menu_order":0,"comment_status":"closed","ping_status":"closed","template":"","meta":{"nf_dc_page":"","footnotes":"","_links_to":"","_links_to_target":""},"class_list":["post-9618","page","type-page","status-publish","hentry"],"_links":{"self":[{"href":"https:\/\/diverseproject.uqo.ca\/fr\/wp-json\/wp\/v2\/pages\/9618","targetHints":{"allow":["GET"]}}],"collection":[{"href":"https:\/\/diverseproject.uqo.ca\/fr\/wp-json\/wp\/v2\/pages"}],"about":[{"href":"https:\/\/diverseproject.uqo.ca\/fr\/wp-json\/wp\/v2\/types\/page"}],"author":[{"embeddable":true,"href":"https:\/\/diverseproject.uqo.ca\/fr\/wp-json\/wp\/v2\/users\/1"}],"replies":[{"embeddable":true,"href":"https:\/\/diverseproject.uqo.ca\/fr\/wp-json\/wp\/v2\/comments?post=9618"}],"version-history":[{"count":0,"href":"https:\/\/diverseproject.uqo.ca\/fr\/wp-json\/wp\/v2\/pages\/9618\/revisions"}],"wp:attachment":[{"href":"https:\/\/diverseproject.uqo.ca\/fr\/wp-json\/wp\/v2\/media?parent=9618"}],"curies":[{"name":"wp","href":"https:\/\/api.w.org\/{rel}","templated":true}]}}